{"id":3987,"date":"2022-09-15T20:52:11","date_gmt":"2022-09-16T01:52:11","guid":{"rendered":"http:\/\/topinkatravel.com\/?page_id=3987"},"modified":"2026-03-27T11:55:13","modified_gmt":"2026-03-27T16:55:13","slug":"inicio","status":"publish","type":"page","link":"https:\/\/topinkatravel.com\/pt-br\/","title":{"rendered":"In\u00edcio"},"content":{"rendered":"","protected":false},"excerpt":{"rendered":"","protected":false},"author":1,"featured_media":0,"parent":0,"menu_order":0,"comment_status":"closed","ping_status":"closed","template":"","meta":{"_acf_changed":false,"advgb_blocks_editor_width":"","advgb_blocks_columns_visual_guide":"","footnotes":""},"class_list":["post-3987","page","type-page","status-publish","hentry"],"acf":[],"yoast_head":"<!-- This site is optimized with the Yoast SEO plugin v27.6 - https:\/\/yoast.com\/product\/yoast-seo-wordpress\/ -->\n<title>Top Inka Travel | Ag\u00eancia de viagens em Cusco<\/title>\n<meta name=\"description\" content=\"Somos a Top Inka Travel, com uma longa hist\u00f3ria no campo do turismo, garantia e qualidade de servi\u00e7o, especialistas em destinos em todo o pa\u00eds.\" \/>\n<meta name=\"robots\" content=\"index, follow, max-snippet:-1, max-image-preview:large, max-video-preview:-1\" \/>\n<link rel=\"canonical\" href=\"http:\/\/topinkatravel.com\/pt-br\/\" \/>\n<meta property=\"og:locale\" content=\"pt_BR\" \/>\n<meta property=\"og:type\" content=\"article\" \/>\n<meta property=\"og:title\" content=\"Top Inka Travel | Ag\u00eancia de viagens em Cusco\" \/>\n<meta property=\"og:description\" content=\"Somos a Top Inka Travel, com uma longa hist\u00f3ria no campo do turismo, garantia e qualidade de servi\u00e7o, especialistas em destinos em todo o pa\u00eds.\" \/>\n<meta property=\"og:url\" content=\"http:\/\/topinkatravel.com\/pt-br\/\" \/>\n<meta property=\"og:site_name\" content=\"Top Inka Travel\" \/>\n<meta property=\"article:publisher\" content=\"https:\/\/www.facebook.com\/TopInkaTravelAgency\" \/>\n<meta property=\"article:modified_time\" content=\"2026-03-27T16:55:13+00:00\" \/>\n<meta name=\"twitter:card\" content=\"summary_large_image\" \/>\n<script type=\"application\/ld+json\" class=\"yoast-schema-graph\">{\"@context\":\"https:\\\/\\\/schema.org\",\"@graph\":[{\"@type\":\"WebPage\",\"@id\":\"https:\\\/\\\/topinkatravel.com\\\/pt-br\\\/\",\"url\":\"http:\\\/\\\/topinkatravel.com\\\/pt-br\\\/\",\"name\":\"Top Inka Travel | Ag\u00eancia de viagens em Cusco\",\"isPartOf\":{\"@id\":\"https:\\\/\\\/topinkatravel.com\\\/pt-br\\\/#website\"},\"datePublished\":\"2022-09-16T01:52:11+00:00\",\"dateModified\":\"2026-03-27T16:55:13+00:00\",\"description\":\"Somos a Top Inka Travel, com uma longa hist\u00f3ria no campo do turismo, garantia e qualidade de servi\u00e7o, especialistas em destinos em todo o pa\u00eds.\",\"breadcrumb\":{\"@id\":\"http:\\\/\\\/topinkatravel.com\\\/pt-br\\\/#breadcrumb\"},\"inLanguage\":\"pt-BR\",\"potentialAction\":[{\"@type\":\"ReadAction\",\"target\":[\"http:\\\/\\\/topinkatravel.com\\\/pt-br\\\/\"]}]},{\"@type\":\"BreadcrumbList\",\"@id\":\"http:\\\/\\\/topinkatravel.com\\\/pt-br\\\/#breadcrumb\",\"itemListElement\":[{\"@type\":\"ListItem\",\"position\":1,\"name\":\"Inicio\",\"item\":\"https:\\\/\\\/topinkatravel.com\\\/pt-br\\\/\"},{\"@type\":\"ListItem\",\"position\":2,\"name\":\"Top Inka Travel\"}]},{\"@type\":\"WebSite\",\"@id\":\"https:\\\/\\\/topinkatravel.com\\\/pt-br\\\/#website\",\"url\":\"https:\\\/\\\/topinkatravel.com\\\/pt-br\\\/\",\"name\":\"Top Inka Travel\",\"description\":\"Agencia de viajes en la Ciudad del Cusco\",\"publisher\":{\"@id\":\"https:\\\/\\\/topinkatravel.com\\\/pt-br\\\/#organization\"},\"potentialAction\":[{\"@type\":\"SearchAction\",\"target\":{\"@type\":\"EntryPoint\",\"urlTemplate\":\"https:\\\/\\\/topinkatravel.com\\\/pt-br\\\/?s={search_term_string}\"},\"query-input\":{\"@type\":\"PropertyValueSpecification\",\"valueRequired\":true,\"valueName\":\"search_term_string\"}}],\"inLanguage\":\"pt-BR\"},{\"@type\":\"Organization\",\"@id\":\"https:\\\/\\\/topinkatravel.com\\\/pt-br\\\/#organization\",\"name\":\"Top Inka Travel\",\"url\":\"https:\\\/\\\/topinkatravel.com\\\/pt-br\\\/\",\"logo\":{\"@type\":\"ImageObject\",\"inLanguage\":\"pt-BR\",\"@id\":\"https:\\\/\\\/topinkatravel.com\\\/pt-br\\\/#\\\/schema\\\/logo\\\/image\\\/\",\"url\":\"\",\"contentUrl\":\"\",\"caption\":\"Top Inka Travel\"},\"image\":{\"@id\":\"https:\\\/\\\/topinkatravel.com\\\/pt-br\\\/#\\\/schema\\\/logo\\\/image\\\/\"},\"sameAs\":[\"https:\\\/\\\/www.facebook.com\\\/TopInkaTravelAgency\",\"https:\\\/\\\/www.instagram.com\\\/topinkatravelagency\\\/\",\"https:\\\/\\\/www.tiktok.com\\\/@topinkatravel?lang=es\"]}]}<\/script>\n<!-- \/ Yoast SEO plugin. -->","yoast_head_json":{"title":"Top Inka Travel | Ag\u00eancia de viagens em Cusco","description":"Somos a Top Inka Travel, com uma longa hist\u00f3ria no campo do turismo, garantia e qualidade de servi\u00e7o, especialistas em destinos em todo o pa\u00eds.","robots":{"index":"index","follow":"follow","max-snippet":"max-snippet:-1","max-image-preview":"max-image-preview:large","max-video-preview":"max-video-preview:-1"},"canonical":"http:\/\/topinkatravel.com\/pt-br\/","og_locale":"pt_BR","og_type":"article","og_title":"Top Inka Travel | Ag\u00eancia de viagens em Cusco","og_description":"Somos a Top Inka Travel, com uma longa hist\u00f3ria no campo do turismo, garantia e qualidade de servi\u00e7o, especialistas em destinos em todo o pa\u00eds.","og_url":"http:\/\/topinkatravel.com\/pt-br\/","og_site_name":"Top Inka Travel","article_publisher":"https:\/\/www.facebook.com\/TopInkaTravelAgency","article_modified_time":"2026-03-27T16:55:13+00:00","twitter_card":"summary_large_image","schema":{"@context":"https:\/\/schema.org","@graph":[{"@type":"WebPage","@id":"https:\/\/topinkatravel.com\/pt-br\/","url":"http:\/\/topinkatravel.com\/pt-br\/","name":"Top Inka Travel | Ag\u00eancia de viagens em Cusco","isPartOf":{"@id":"https:\/\/topinkatravel.com\/pt-br\/#website"},"datePublished":"2022-09-16T01:52:11+00:00","dateModified":"2026-03-27T16:55:13+00:00","description":"Somos a Top Inka Travel, com uma longa hist\u00f3ria no campo do turismo, garantia e qualidade de servi\u00e7o, especialistas em destinos em todo o pa\u00eds.","breadcrumb":{"@id":"http:\/\/topinkatravel.com\/pt-br\/#breadcrumb"},"inLanguage":"pt-BR","potentialAction":[{"@type":"ReadAction","target":["http:\/\/topinkatravel.com\/pt-br\/"]}]},{"@type":"BreadcrumbList","@id":"http:\/\/topinkatravel.com\/pt-br\/#breadcrumb","itemListElement":[{"@type":"ListItem","position":1,"name":"Inicio","item":"https:\/\/topinkatravel.com\/pt-br\/"},{"@type":"ListItem","position":2,"name":"Top Inka Travel"}]},{"@type":"WebSite","@id":"https:\/\/topinkatravel.com\/pt-br\/#website","url":"https:\/\/topinkatravel.com\/pt-br\/","name":"Top Inka Travel","description":"Agencia de viajes en la Ciudad del Cusco","publisher":{"@id":"https:\/\/topinkatravel.com\/pt-br\/#organization"},"potentialAction":[{"@type":"SearchAction","target":{"@type":"EntryPoint","urlTemplate":"https:\/\/topinkatravel.com\/pt-br\/?s={search_term_string}"},"query-input":{"@type":"PropertyValueSpecification","valueRequired":true,"valueName":"search_term_string"}}],"inLanguage":"pt-BR"},{"@type":"Organization","@id":"https:\/\/topinkatravel.com\/pt-br\/#organization","name":"Top Inka Travel","url":"https:\/\/topinkatravel.com\/pt-br\/","logo":{"@type":"ImageObject","inLanguage":"pt-BR","@id":"https:\/\/topinkatravel.com\/pt-br\/#\/schema\/logo\/image\/","url":"","contentUrl":"","caption":"Top Inka Travel"},"image":{"@id":"https:\/\/topinkatravel.com\/pt-br\/#\/schema\/logo\/image\/"},"sameAs":["https:\/\/www.facebook.com\/TopInkaTravelAgency","https:\/\/www.instagram.com\/topinkatravelagency\/","https:\/\/www.tiktok.com\/@topinkatravel?lang=es"]}]}},"coauthors":[],"author_meta":{"author_link":"https:\/\/topinkatravel.com\/pt-br\/author\/admin_top\/","display_name":"admin_top"},"relative_dates":{"created":"Publicado 4 anos atr\u00e1s","modified":"Atualizado 2 meses atr\u00e1s"},"absolute_dates":{"created":"Publicado em 15 de setembro de 2022","modified":"Atualizado em 27 de mar\u00e7o de 2026"},"absolute_dates_time":{"created":"Publicado em 15 de setembro de 2022 20:52","modified":"Atualizado em 27 de mar\u00e7o de 2026 11:55"},"featured_img_caption":"","featured_img":false,"series_order":"","_links":{"self":[{"href":"https:\/\/topinkatravel.com\/pt-br\/wp-json\/wp\/v2\/pages\/3987","targetHints":{"allow":["GET"]}}],"collection":[{"href":"https:\/\/topinkatravel.com\/pt-br\/wp-json\/wp\/v2\/pages"}],"about":[{"href":"https:\/\/topinkatravel.com\/pt-br\/wp-json\/wp\/v2\/types\/page"}],"author":[{"embeddable":true,"href":"https:\/\/topinkatravel.com\/pt-br\/wp-json\/wp\/v2\/users\/1"}],"replies":[{"embeddable":true,"href":"https:\/\/topinkatravel.com\/pt-br\/wp-json\/wp\/v2\/comments?post=3987"}],"version-history":[{"count":11,"href":"https:\/\/topinkatravel.com\/pt-br\/wp-json\/wp\/v2\/pages\/3987\/revisions"}],"predecessor-version":[{"id":12807,"href":"https:\/\/topinkatravel.com\/pt-br\/wp-json\/wp\/v2\/pages\/3987\/revisions\/12807"}],"wp:attachment":[{"href":"https:\/\/topinkatravel.com\/pt-br\/wp-json\/wp\/v2\/media?parent=3987"}],"curies":[{"name":"wp","href":"https:\/\/api.w.org\/{rel}","templated":true}]}}